{"id":1437,"date":"2020-07-28T08:35:07","date_gmt":"2020-07-28T08:35:07","guid":{"rendered":"https:\/\/www.betpres.sk\/historia-spolocnosti\/"},"modified":"2025-05-12T06:35:58","modified_gmt":"2025-05-12T06:35:58","slug":"history-of-the-company","status":"publish","type":"page","link":"https:\/\/www.betpres.sk\/en\/history-of-the-company\/","title":{"rendered":"History of the company"},"content":{"rendered":"<div id=\"pl-1437\"  class=\"panel-layout\" ><div id=\"pg-1437-0\"  class=\"panel-grid panel-no-style\" ><div id=\"pgc-1437-0-0\"  class=\"panel-grid-cell panel-grid-cell-empty\" ><\/div><div id=\"pgc-1437-0-1\"  class=\"panel-grid-cell\" ><div id=\"panel-1437-0-1-0\" class=\"so-panel widget widget_sow-editor panel-first-child panel-last-child\" data-index=\"0\" ><div\n\t\t\t\n\t\t\tclass=\"so-widget-sow-editor so-widget-sow-editor-base\"\n\t\t\t\n\t\t>\n<div class=\"siteorigin-widget-tinymce textwidget\">\n\t<p>Since its establishment, the company has promoted itself as a supplier of associated or auxiliary building production, focusing on the implementation of electrical installations, plumbing and sewerage systems.&nbsp; The company BETPRES,<strong> s.r.o. naturally developed in 2000 and 2001,<\/strong> with the aim of strengthening its position in the Slovak construction market, it established itself as a supplier of complex activities in the construction of new objects, an integral part of which was the increase in construction work and reinvested funds and the realization of constructions for major investors.<\/p>\n<\/div>\n<\/div><\/div><\/div><div id=\"pgc-1437-0-2\"  class=\"panel-grid-cell\" ><div id=\"panel-1437-0-2-0\" class=\"so-panel widget widget_sow-editor panel-first-child panel-last-child\" data-index=\"1\" ><div\n\t\t\t\n\t\t\tclass=\"so-widget-sow-editor so-widget-sow-editor-base\"\n\t\t\t\n\t\t>\n<div class=\"siteorigin-widget-tinymce textwidget\">\n\t<p>Since then, the company has played a decisive role as a general contractor of the works performed. The company BETPRES, s.r.o. focuses mainly on the realization of constructions of various kinds - from civil engineering and lineside contractures, through industrial halls and objects to civil constructions. Up to now, the company has realized dozens of new constructions and reconstructions of schools, hospitals, administrative buildings, shopping centres, car showrooms, and industrial and warehouse halls, but also municipal water supply and sewerage systems.<\/p>\n<\/div>\n<\/div><\/div><\/div><\/div><div id=\"pg-1437-1\"  class=\"panel-grid panel-no-style\" ><div id=\"pgc-1437-1-0\"  class=\"panel-grid-cell\" ><div id=\"panel-1437-1-0-0\" class=\"so-panel widget widget_sow-image panel-first-child panel-last-child\" data-index=\"2\" ><div\n\t\t\t\n\t\t\tclass=\"so-widget-sow-image so-widget-sow-image-default-8b5b6f678277-1437\"\n\t\t\t\n\t\t>\n\n<div class=\"sow-image-container\">\n\t\t<img loading=\"lazy\" decoding=\"async\" src=\"https:\/\/www.betpres.sk\/wp-content\/uploads\/2020\/07\/OC-\u0164ahanovce-29-1.jpg\" width=\"1335\" height=\"2000\" srcset=\"https:\/\/www.betpres.sk\/wp-content\/uploads\/2020\/07\/OC-\u0164ahanovce-29-1.jpg 1335w, https:\/\/www.betpres.sk\/wp-content\/uploads\/2020\/07\/OC-\u0164ahanovce-29-1-200x300.jpg 200w, https:\/\/www.betpres.sk\/wp-content\/uploads\/2020\/07\/OC-\u0164ahanovce-29-1-684x1024.jpg 684w, https:\/\/www.betpres.sk\/wp-content\/uploads\/2020\/07\/OC-\u0164ahanovce-29-1-768x1151.jpg 768w, https:\/\/www.betpres.sk\/wp-content\/uploads\/2020\/07\/OC-\u0164ahanovce-29-1-1025x1536.jpg 1025w, https:\/\/www.betpres.sk\/wp-content\/uploads\/2020\/07\/OC-\u0164ahanovce-29-1-480x719.jpg 480w, https:\/\/www.betpres.sk\/wp-content\/uploads\/2020\/07\/OC-\u0164ahanovce-29-1-992x1486.jpg 992w, https:\/\/www.betpres.sk\/wp-content\/uploads\/2020\/07\/OC-\u0164ahanovce-29-1-1200x1798.jpg 1200w\" sizes=\"(max-width: 1335px) 100vw, 1335px\" title=\"OC \u0164ahanovce (29)\" alt=\"\" \t\tclass=\"so-widget-image\"\/>\n\t<\/div>\n\n<\/div><\/div><\/div><div id=\"pgc-1437-1-1\"  class=\"panel-grid-cell\" ><div id=\"panel-1437-1-1-0\" class=\"so-panel widget widget_sow-image panel-first-child panel-last-child\" data-index=\"3\" ><div\n\t\t\t\n\t\t\tclass=\"so-widget-sow-image so-widget-sow-image-default-8b5b6f678277-1437\"\n\t\t\t\n\t\t>\n\n<div class=\"sow-image-container\">\n\t\t<img loading=\"lazy\" decoding=\"async\" src=\"https:\/\/www.betpres.sk\/wp-content\/uploads\/2020\/07\/DAI4542.jpg\" width=\"1800\" height=\"1202\" srcset=\"https:\/\/www.betpres.sk\/wp-content\/uploads\/2020\/07\/DAI4542.jpg 1800w, https:\/\/www.betpres.sk\/wp-content\/uploads\/2020\/07\/DAI4542-300x200.jpg 300w, https:\/\/www.betpres.sk\/wp-content\/uploads\/2020\/07\/DAI4542-1024x684.jpg 1024w, https:\/\/www.betpres.sk\/wp-content\/uploads\/2020\/07\/DAI4542-768x513.jpg 768w, https:\/\/www.betpres.sk\/wp-content\/uploads\/2020\/07\/DAI4542-1536x1025.jpg 1536w, https:\/\/www.betpres.sk\/wp-content\/uploads\/2020\/07\/DAI4542-480x320.jpg 480w, https:\/\/www.betpres.sk\/wp-content\/uploads\/2020\/07\/DAI4542-992x662.jpg 992w, https:\/\/www.betpres.sk\/wp-content\/uploads\/2020\/07\/DAI4542-1200x801.jpg 1200w, https:\/\/www.betpres.sk\/wp-content\/uploads\/2020\/07\/DAI4542-272x182.jpg 272w\" sizes=\"(max-width: 1800px) 100vw, 1800px\" title=\"_DAI4542\" alt=\"\" \t\tclass=\"so-widget-image\"\/>\n\t<\/div>\n\n<\/div><\/div><\/div><\/div><div id=\"pg-1437-2\"  class=\"panel-grid panel-no-style\" ><div id=\"pgc-1437-2-0\"  class=\"panel-grid-cell panel-grid-cell-empty\" ><\/div><div id=\"pgc-1437-2-1\"  class=\"panel-grid-cell\" ><div id=\"panel-1437-2-1-0\" class=\"so-panel widget widget_sow-editor panel-first-child panel-last-child\" data-index=\"4\" ><div\n\t\t\t\n\t\t\tclass=\"so-widget-sow-editor so-widget-sow-editor-base\"\n\t\t\t\n\t\t>\n<div class=\"siteorigin-widget-tinymce textwidget\">\n\t<h2>Professional approach to the requirements of partners, quality of work and compliance with the conditions of concluded contracts, the company <strong>BETPRES, s.r.o.<\/strong> has gained its stable position on the market, while in the region of Eastern Slovakia it is one of the leading entities.<\/h2>\n<\/div>\n<\/div><\/div><\/div><\/div><div id=\"pg-1437-3\"  class=\"panel-grid panel-no-style\" ><div id=\"pgc-1437-3-0\"  class=\"panel-grid-cell panel-grid-cell-empty\" ><\/div><div id=\"pgc-1437-3-1\"  class=\"panel-grid-cell\" ><div id=\"panel-1437-3-1-0\" class=\"so-panel widget widget_sow-editor panel-first-child panel-last-child\" data-index=\"5\" ><div\n\t\t\t\n\t\t\tclass=\"so-widget-sow-editor so-widget-sow-editor-base\"\n\t\t\t\n\t\t>\n<div class=\"siteorigin-widget-tinymce textwidget\">\n\t<p>An important element in building the image and position on the market was the acquisition of a new administrative building\u00a0<strong> in 2008<\/strong>, which was reconstructed with modern building techniques and materials and represents the company's representative headquarters. Throughout its history, the company has been operating exclusively on the Slovak market.\u00a0The company is a holder of an integrated management system and a certificate holder for STN EN ISO 9001:2016, STN EN ISO 14001:2016 a STN ISO 45001:2019 norms.<\/p>\n<\/div>\n<\/div><\/div><\/div><div id=\"pgc-1437-3-2\"  class=\"panel-grid-cell\" ><div id=\"panel-1437-3-2-0\" class=\"so-panel widget widget_sow-editor panel-first-child panel-last-child\" data-index=\"6\" ><div\n\t\t\t\n\t\t\tclass=\"so-widget-sow-editor so-widget-sow-editor-base\"\n\t\t\t\n\t\t>\n<div class=\"siteorigin-widget-tinymce textwidget\">\n\t<p>All these management systems are reviewed annually by an external authority and the certificates are regularly renewed. The management of the company insists on keeping these standards in practice, and thanks to the comprehensive quality management system, the company&nbsp;<strong>BETPRES, s.r.o.&nbsp;<\/strong> is able to convince new customers that it can, in addition to the agreed prices and terms, implement the ordered work in the highest quality while ensuring the protection of the environment and its employees.<\/p>\n<\/div>\n<\/div><\/div><\/div><\/div><div id=\"pg-1437-4\"  class=\"panel-grid panel-no-style\" ><div id=\"pgc-1437-4-0\"  class=\"panel-grid-cell panel-grid-cell-empty\" ><\/div><div id=\"pgc-1437-4-1\"  class=\"panel-grid-cell\" ><div id=\"panel-1437-4-1-0\" class=\"so-panel widget widget_sow-image panel-first-child\" data-index=\"7\" ><div class=\"cert_hys panel-widget-style panel-widget-style-for-1437-4-1-0\" ><div\n\t\t\t\n\t\t\tclass=\"so-widget-sow-image so-widget-sow-image-default-c67d20f9f743-1437\"\n\t\t\t\n\t\t>\n\n<div class=\"sow-image-container\">\n\t\t\t<a href=\"https:\/\/www.betpres.sk\/wp-content\/uploads\/2020\/07\/2020-07-01-091948-iso_18001__2021marec.pdf\"\n\t\t\t\t\t>\n\t\t\t<img loading=\"lazy\" decoding=\"async\" src=\"https:\/\/www.betpres.sk\/wp-content\/uploads\/2020\/07\/image-23.png\" width=\"140\" height=\"141\" sizes=\"(max-width: 140px) 100vw, 140px\" title=\"image\" alt=\"\" \t\tclass=\"so-widget-image\"\/>\n\t<\/a><\/div>\n\n<\/div><\/div><\/div><div id=\"panel-1437-4-1-1\" class=\"so-panel widget widget_sow-editor panel-last-child\" data-index=\"8\" ><div\n\t\t\t\n\t\t\tclass=\"so-widget-sow-editor so-widget-sow-editor-base\"\n\t\t\t\n\t\t>\n<div class=\"siteorigin-widget-tinymce textwidget\">\n\t<h3 style=\"text-align: center;\">iso 9001 may 2024<\/h3>\n<div style=\"text-align: center; margin-top: -20px;\"><a href=\"https:\/\/www.betpres.sk\/wp-content\/uploads\/2025\/05\/ISO-9001.pdf\" target=\"_blank\" rel=\"noopener noreferrer\">document for download<\/a><\/div>\n<\/div>\n<\/div><\/div><\/div><div id=\"pgc-1437-4-2\"  class=\"panel-grid-cell\" ><div id=\"panel-1437-4-2-0\" class=\"so-panel widget widget_sow-image panel-first-child\" data-index=\"9\" ><div class=\"cert_hys panel-widget-style panel-widget-style-for-1437-4-2-0\" ><div\n\t\t\t\n\t\t\tclass=\"so-widget-sow-image so-widget-sow-image-default-c67d20f9f743-1437\"\n\t\t\t\n\t\t>\n\n<div class=\"sow-image-container\">\n\t\t\t<a href=\"https:\/\/www.betpres.sk\/wp-content\/uploads\/2020\/07\/2020-07-01-092028-iso14001_2021maj.pdf\"\n\t\t\t\t\t>\n\t\t\t<img loading=\"lazy\" decoding=\"async\" src=\"https:\/\/www.betpres.sk\/wp-content\/uploads\/2020\/07\/image-24.png\" width=\"140\" height=\"141\" sizes=\"(max-width: 140px) 100vw, 140px\" title=\"image\" alt=\"\" \t\tclass=\"so-widget-image\"\/>\n\t<\/a><\/div>\n\n<\/div><\/div><\/div><div id=\"panel-1437-4-2-1\" class=\"so-panel widget widget_sow-editor panel-last-child\" data-index=\"10\" ><div\n\t\t\t\n\t\t\tclass=\"so-widget-sow-editor so-widget-sow-editor-base\"\n\t\t\t\n\t\t>\n<div class=\"siteorigin-widget-tinymce textwidget\">\n\t<h3 style=\"text-align: center;\">iso 14001 2024 may<\/h3>\n<div style=\"text-align: center; margin-top: -20px;\"><a href=\"https:\/\/www.betpres.sk\/wp-content\/uploads\/2025\/05\/ISO-14001.pdf\" target=\"_blank\" rel=\"noopener noreferrer\">document for download<\/a><\/div>\n<\/div>\n<\/div><\/div><\/div><div id=\"pgc-1437-4-3\"  class=\"panel-grid-cell\" ><div id=\"panel-1437-4-3-0\" class=\"so-panel widget widget_sow-image panel-first-child\" data-index=\"11\" ><div class=\"cert_hys panel-widget-style panel-widget-style-for-1437-4-3-0\" ><div\n\t\t\t\n\t\t\tclass=\"so-widget-sow-image so-widget-sow-image-default-c67d20f9f743-1437\"\n\t\t\t\n\t\t>\n\n<div class=\"sow-image-container\">\n\t\t\t<a href=\"https:\/\/www.betpres.sk\/wp-content\/uploads\/2020\/07\/2020-07-01-092019-iso_9001_maj2021.pdf\"\n\t\t\t\t\t>\n\t\t\t<img loading=\"lazy\" decoding=\"async\" src=\"https:\/\/www.betpres.sk\/wp-content\/uploads\/2020\/07\/image-22.png\" width=\"140\" height=\"141\" sizes=\"(max-width: 140px) 100vw, 140px\" title=\"image\" alt=\"\" \t\tclass=\"so-widget-image\"\/>\n\t<\/a><\/div>\n\n<\/div><\/div><\/div><div id=\"panel-1437-4-3-1\" class=\"so-panel widget widget_sow-editor panel-last-child\" data-index=\"12\" ><div\n\t\t\t\n\t\t\tclass=\"so-widget-sow-editor so-widget-sow-editor-base\"\n\t\t\t\n\t\t>\n<div class=\"siteorigin-widget-tinymce textwidget\">\n\t<h3 style=\"text-align: center;\">iso 45001 may 2024<\/h3>\n<div style=\"text-align: center; margin-top: -20px;\"><a href=\"https:\/\/www.betpres.sk\/wp-content\/uploads\/2025\/05\/ISO-45001.pdf\" target=\"_blank\" rel=\"noopener noreferrer\">document for download<\/a><\/div>\n<\/div>\n<\/div><\/div><\/div><\/div><div id=\"pg-1437-5\"  class=\"panel-grid panel-no-style\" ><div id=\"pgc-1437-5-0\"  class=\"panel-grid-cell panel-grid-cell-empty\" ><\/div><div id=\"pgc-1437-5-1\"  class=\"panel-grid-cell\" ><div id=\"panel-1437-5-1-0\" class=\"so-panel widget widget_sow-editor panel-first-child panel-last-child\" data-index=\"13\" ><div\n\t\t\t\n\t\t\tclass=\"so-widget-sow-editor so-widget-sow-editor-base\"\n\t\t\t\n\t\t>\n<div class=\"siteorigin-widget-tinymce textwidget\">\n\t<p><iframe loading=\"lazy\" title=\"Oslava 25. v\u00fdro\u010dia zalo\u017eenia spolo\u010dnosti BETPRES, s.r.o.\" width=\"500\" height=\"281\" src=\"https:\/\/www.youtube.com\/embed\/NPVUrcYBo30?start=26&feature=oembed\" frameborder=\"0\" allow=\"accelerometer; autoplay; clipboard-write; encrypted-media; gyroscope; picture-in-picture; web-share\" referrerpolicy=\"strict-origin-when-cross-origin\" allowfullscreen><\/iframe><\/p>\n<\/div>\n<\/div><\/div><\/div><\/div><div id=\"pg-1437-6\"  class=\"panel-grid panel-no-style\" ><div id=\"pgc-1437-6-0\"  class=\"panel-grid-cell\" ><div id=\"panel-1437-6-0-0\" class=\"so-panel widget widget_sow-editor panel-first-child panel-last-child\" data-index=\"14\" ><div\n\t\t\t\n\t\t\tclass=\"so-widget-sow-editor so-widget-sow-editor-base\"\n\t\t\t\n\t\t>\n<div class=\"siteorigin-widget-tinymce textwidget\">\n\t<h2 style=\"margin-top: 0.5em;\">The main pillar<\/h2>\n<\/div>\n<\/div><\/div><\/div><div id=\"pgc-1437-6-1\"  class=\"panel-grid-cell\" ><div id=\"panel-1437-6-1-0\" class=\"so-panel widget widget_sow-editor panel-first-child panel-last-child\" data-index=\"15\" ><div\n\t\t\t\n\t\t\tclass=\"so-widget-sow-editor so-widget-sow-editor-base\"\n\t\t\t\n\t\t>\n<div class=\"siteorigin-widget-tinymce textwidget\">\n\t<p>The main pillar of the company<strong> BETPRES, s.r.o.<\/strong> is its employees who are an integral part of customer-oriented management.&nbsp; Thanks to their high expertise, skill, experience and responsible approach, the company <strong>BETPRES, s.r.o. <\/strong>has gained reputation and image of a reliable and correct partner.&nbsp; However, the management of the company is also aware of the need for training new professionals, so the company closely cooperates with the <strong>Faculty of Civil Engineering of the Technical University in Ko\u0161ice.<\/strong><\/p>\n<\/div>\n<\/div><\/div><\/div><div id=\"pgc-1437-6-2\"  class=\"panel-grid-cell\" ><div id=\"panel-1437-6-2-0\" class=\"so-panel widget widget_sow-editor panel-first-child panel-last-child\" data-index=\"16\" ><div\n\t\t\t\n\t\t\tclass=\"so-widget-sow-editor so-widget-sow-editor-base\"\n\t\t\t\n\t\t>\n<div class=\"siteorigin-widget-tinymce textwidget\">\n\t<p>The company&nbsp; BETPRES, s.r.o.&nbsp; in its activities it places great emphasis on quality and professional approach to clients, which is positively manifested in multiple or long-term cooperation with several business partners. Despite several awards that the company has received from major Slovak agencies or professional entities and periodicals, the satisfaction of clients and employees is the greatest satisfaction for the management of the company.<\/p>\n<\/div>\n<\/div><\/div><\/div><\/div><\/div>","protected":false},"excerpt":{"rendered":"<p>The company BETPRES, s.r.o. was founded in 1994. Since it was created, it has been engaged in construction and commercial activities, in the past also in the production of small prefabrication. The primary business activity is building production, whether it is the construction of new buildings or the reconstruction using modern technological procedures.<\/p>\n","protected":false},"author":2,"featured_media":940,"parent":0,"menu_order":0,"comment_status":"closed","ping_status":"closed","template":"","meta":{"footnotes":""},"yoast_head":"<!-- This site is optimized with the Yoast SEO plugin v23.1 - https:\/\/yoast.com\/wordpress\/plugins\/seo\/ -->\n<title>History of the company - Betpres<\/title>\n<meta name=\"robots\" content=\"index, follow, max-snippet:-1, max-image-preview:large, max-video-preview:-1\" \/>\n<link rel=\"canonical\" href=\"https:\/\/www.betpres.sk\/en\/history-of-the-company\/\" \/>\n<meta property=\"og:locale\" content=\"en_US\" \/>\n<meta property=\"og:type\" content=\"article\" \/>\n<meta property=\"og:title\" content=\"History of the company - Betpres\" \/>\n<meta property=\"og:description\" content=\"The company BETPRES, s.r.o. was founded in 1994. Since it was created, it has been engaged in construction and commercial activities, in the past also in the production of small prefabrication. The primary business activity is building production, whether it is the construction of new buildings or the reconstruction using modern technological procedures.\" \/>\n<meta property=\"og:url\" content=\"https:\/\/www.betpres.sk\/en\/history-of-the-company\/\" \/>\n<meta property=\"og:site_name\" content=\"Betpres\" \/>\n<meta property=\"article:modified_time\" content=\"2025-05-12T06:35:58+00:00\" \/>\n<meta property=\"og:image\" content=\"https:\/\/www.betpres.sk\/wp-content\/uploads\/2020\/07\/betpres4-2048x1360-1.jpg\" \/>\n\t<meta property=\"og:image:width\" content=\"2048\" \/>\n\t<meta property=\"og:image:height\" content=\"1360\" \/>\n\t<meta property=\"og:image:type\" content=\"image\/jpeg\" \/>\n<meta name=\"twitter:card\" content=\"summary_large_image\" \/>\n<meta name=\"twitter:label1\" content=\"Est. reading time\" \/>\n\t<meta name=\"twitter:data1\" content=\"5 minutes\" \/>\n<script type=\"application\/ld+json\" class=\"yoast-schema-graph\">{\"@context\":\"https:\/\/schema.org\",\"@graph\":[{\"@type\":\"WebPage\",\"@id\":\"https:\/\/www.betpres.sk\/en\/history-of-the-company\/\",\"url\":\"https:\/\/www.betpres.sk\/en\/history-of-the-company\/\",\"name\":\"History of the company - Betpres\",\"isPartOf\":{\"@id\":\"https:\/\/www.betpres.sk\/#website\"},\"primaryImageOfPage\":{\"@id\":\"https:\/\/www.betpres.sk\/en\/history-of-the-company\/#primaryimage\"},\"image\":{\"@id\":\"https:\/\/www.betpres.sk\/en\/history-of-the-company\/#primaryimage\"},\"thumbnailUrl\":\"https:\/\/www.betpres.sk\/wp-content\/uploads\/2020\/07\/betpres4-2048x1360-1.jpg\",\"datePublished\":\"2020-07-28T08:35:07+00:00\",\"dateModified\":\"2025-05-12T06:35:58+00:00\",\"breadcrumb\":{\"@id\":\"https:\/\/www.betpres.sk\/en\/history-of-the-company\/#breadcrumb\"},\"inLanguage\":\"en-US\",\"potentialAction\":[{\"@type\":\"ReadAction\",\"target\":[\"https:\/\/www.betpres.sk\/en\/history-of-the-company\/\"]}]},{\"@type\":\"ImageObject\",\"inLanguage\":\"en-US\",\"@id\":\"https:\/\/www.betpres.sk\/en\/history-of-the-company\/#primaryimage\",\"url\":\"https:\/\/www.betpres.sk\/wp-content\/uploads\/2020\/07\/betpres4-2048x1360-1.jpg\",\"contentUrl\":\"https:\/\/www.betpres.sk\/wp-content\/uploads\/2020\/07\/betpres4-2048x1360-1.jpg\",\"width\":2048,\"height\":1360},{\"@type\":\"BreadcrumbList\",\"@id\":\"https:\/\/www.betpres.sk\/en\/history-of-the-company\/#breadcrumb\",\"itemListElement\":[{\"@type\":\"ListItem\",\"position\":1,\"name\":\"Domovsk\u00e1 str\u00e1nka\",\"item\":\"https:\/\/www.betpres.sk\/en\/\"},{\"@type\":\"ListItem\",\"position\":2,\"name\":\"History of the company\"}]},{\"@type\":\"WebSite\",\"@id\":\"https:\/\/www.betpres.sk\/#website\",\"url\":\"https:\/\/www.betpres.sk\/\",\"name\":\"Betpres\",\"description\":\"\",\"potentialAction\":[{\"@type\":\"SearchAction\",\"target\":{\"@type\":\"EntryPoint\",\"urlTemplate\":\"https:\/\/www.betpres.sk\/?s={search_term_string}\"},\"query-input\":\"required name=search_term_string\"}],\"inLanguage\":\"en-US\"}]}<\/script>\n<!-- \/ Yoast SEO plugin. -->","yoast_head_json":{"title":"History of the company - Betpres","robots":{"index":"index","follow":"follow","max-snippet":"max-snippet:-1","max-image-preview":"max-image-preview:large","max-video-preview":"max-video-preview:-1"},"canonical":"https:\/\/www.betpres.sk\/en\/history-of-the-company\/","og_locale":"en_US","og_type":"article","og_title":"History of the company - Betpres","og_description":"The company BETPRES, s.r.o. was founded in 1994. Since it was created, it has been engaged in construction and commercial activities, in the past also in the production of small prefabrication. The primary business activity is building production, whether it is the construction of new buildings or the reconstruction using modern technological procedures.","og_url":"https:\/\/www.betpres.sk\/en\/history-of-the-company\/","og_site_name":"Betpres","article_modified_time":"2025-05-12T06:35:58+00:00","og_image":[{"width":2048,"height":1360,"url":"https:\/\/www.betpres.sk\/wp-content\/uploads\/2020\/07\/betpres4-2048x1360-1.jpg","type":"image\/jpeg"}],"twitter_card":"summary_large_image","twitter_misc":{"Est. reading time":"5 minutes"},"schema":{"@context":"https:\/\/schema.org","@graph":[{"@type":"WebPage","@id":"https:\/\/www.betpres.sk\/en\/history-of-the-company\/","url":"https:\/\/www.betpres.sk\/en\/history-of-the-company\/","name":"History of the company - Betpres","isPartOf":{"@id":"https:\/\/www.betpres.sk\/#website"},"primaryImageOfPage":{"@id":"https:\/\/www.betpres.sk\/en\/history-of-the-company\/#primaryimage"},"image":{"@id":"https:\/\/www.betpres.sk\/en\/history-of-the-company\/#primaryimage"},"thumbnailUrl":"https:\/\/www.betpres.sk\/wp-content\/uploads\/2020\/07\/betpres4-2048x1360-1.jpg","datePublished":"2020-07-28T08:35:07+00:00","dateModified":"2025-05-12T06:35:58+00:00","breadcrumb":{"@id":"https:\/\/www.betpres.sk\/en\/history-of-the-company\/#breadcrumb"},"inLanguage":"en-US","potentialAction":[{"@type":"ReadAction","target":["https:\/\/www.betpres.sk\/en\/history-of-the-company\/"]}]},{"@type":"ImageObject","inLanguage":"en-US","@id":"https:\/\/www.betpres.sk\/en\/history-of-the-company\/#primaryimage","url":"https:\/\/www.betpres.sk\/wp-content\/uploads\/2020\/07\/betpres4-2048x1360-1.jpg","contentUrl":"https:\/\/www.betpres.sk\/wp-content\/uploads\/2020\/07\/betpres4-2048x1360-1.jpg","width":2048,"height":1360},{"@type":"BreadcrumbList","@id":"https:\/\/www.betpres.sk\/en\/history-of-the-company\/#breadcrumb","itemListElement":[{"@type":"ListItem","position":1,"name":"Domovsk\u00e1 str\u00e1nka","item":"https:\/\/www.betpres.sk\/en\/"},{"@type":"ListItem","position":2,"name":"History of the company"}]},{"@type":"WebSite","@id":"https:\/\/www.betpres.sk\/#website","url":"https:\/\/www.betpres.sk\/","name":"Betpres","description":"","potentialAction":[{"@type":"SearchAction","target":{"@type":"EntryPoint","urlTemplate":"https:\/\/www.betpres.sk\/?s={search_term_string}"},"query-input":"required name=search_term_string"}],"inLanguage":"en-US"}]}},"_links":{"self":[{"href":"https:\/\/www.betpres.sk\/en\/wp-json\/wp\/v2\/pages\/1437"}],"collection":[{"href":"https:\/\/www.betpres.sk\/en\/wp-json\/wp\/v2\/pages"}],"about":[{"href":"https:\/\/www.betpres.sk\/en\/wp-json\/wp\/v2\/types\/page"}],"author":[{"embeddable":true,"href":"https:\/\/www.betpres.sk\/en\/wp-json\/wp\/v2\/users\/2"}],"replies":[{"embeddable":true,"href":"https:\/\/www.betpres.sk\/en\/wp-json\/wp\/v2\/comments?post=1437"}],"version-history":[{"count":15,"href":"https:\/\/www.betpres.sk\/en\/wp-json\/wp\/v2\/pages\/1437\/revisions"}],"predecessor-version":[{"id":4136,"href":"https:\/\/www.betpres.sk\/en\/wp-json\/wp\/v2\/pages\/1437\/revisions\/4136"}],"wp:featuredmedia":[{"embeddable":true,"href":"https:\/\/www.betpres.sk\/en\/wp-json\/wp\/v2\/media\/940"}],"wp:attachment":[{"href":"https:\/\/www.betpres.sk\/en\/wp-json\/wp\/v2\/media?parent=1437"}],"curies":[{"name":"wp","href":"https:\/\/api.w.org\/{rel}","templated":true}]}}